{"id":34,"date":"2026-03-10T10:27:44","date_gmt":"2026-03-10T10:27:44","guid":{"rendered":"https:\/\/www.challenge.walkme.com\/play-challenge\/"},"modified":"2026-03-16T11:08:09","modified_gmt":"2026-03-16T11:08:09","slug":"play-challenge","status":"publish","type":"page","link":"https:\/\/www.challenge.walkme.com\/de\/play-challenge\/","title":{"rendered":"Challenge spielen"},"content":{"rendered":"\n<div class=\"wp-block-group alignfull wm_csxy7vzxg2 has-background is-layout-flow wp-block-group-is-layout-flow\" style=\"background-color:#0a0a3f;padding-top:150px;padding-right:0px;padding-bottom:50px;padding-left:0px\">\n<iframe loading=\"lazy\" class=\"Z8YsjS\" title=\"Eingebetteter Inhalt\" name=\"htmlComp-iframe\" width=\"100%\" height=\"100%\" data-src=\"\" src=\"https:\/\/challenge-app.walkme.com\/?flagSelector=default&#038;parentPath=\/de\/play-challenge&#038;lang=de\" scrolling=\"yes\" style=\"height: 880px; width: 100%; border:0;\"><\/iframe><script>window.addEventListener(\"message\", function(event) {\n  const data = event.data;\n  if (!data || data.type !== \"internationalization\") return;\n  const newLanguage = data.payload.value; \/\/ \"en\", \"fr\", \"de\", etc.\n  console.info('Iframe Lang', newLanguage);\n  \n  let attempts = 0;\n  const maxAttempts = 50; \/\/ 10 seconds max (50 * 200ms)\n  \n  const interval = setInterval(() => {\n    attempts++;\n    \n    if (attempts > maxAttempts) {\n      clearInterval(interval);\n      console.error(\"Language switch timeout: buttons not found\");\n      return;\n    }\n    \n    const items = document.querySelectorAll('a.wpml-ls-link');\n    if (!items.length) {\n      console.log(\"No language buttons yet...\");\n      return;\n    }\n    let found = false;\n    \n    items.forEach((item) => {\n      const label = item.getAttribute(\"lang\")?.toLowerCase(); \/\/ Added ()\n     \n      if (label === newLanguage.toLowerCase()) {\n        console.log('button found');\n        item.click();\n        found = true;\n      }\n    });\n    if (found) {\n      clearInterval(interval);\n      console.log(\"Language switched:\", data.payload.label);\n    }\n  }, 200);\n});<\/script>\n<\/div>\n","protected":false},"excerpt":{"rendered":"","protected":false},"author":135,"featured_media":0,"parent":0,"menu_order":0,"comment_status":"closed","ping_status":"closed","template":"","meta":{"mobile_image_id":0,"tablet_image_id":0,"footnotes":""},"class_list":["post-34","page","type-page","status-publish","hentry"],"yoast_head":"<!-- This site is optimized with the Yoast SEO plugin v26.6 - https:\/\/yoast.com\/wordpress\/plugins\/seo\/ -->\n<title>Challenge spielen | WalkMe Challenge<\/title>\n<meta name=\"description\" content=\"Willkommen bei der WalkMe Challenge. Was w\u00e4re, wenn zwei Mitarbeitern identische Aufgaben auf identischer Software zugewiesen w\u00fcrden? W\u00fcrden sie gleichzeitig fertig werden? M\u00f6glicherweise... es sei denn, einer h\u00e4tte insgeheim den WalkMe-Vorteil. Verschaffen Sie Ihrem Unternehmen den Vorteil, wenn es um die Nutzung von Technologie geht.\" \/>\n<meta name=\"robots\" content=\"index, follow, max-snippet:-1, max-image-preview:large, max-video-preview:-1\" \/>\n<link rel=\"canonical\" href=\"https:\/\/www.challenge.walkme.com\/de\/play-challenge\/\" \/>\n<meta property=\"og:locale\" content=\"de_DE\" \/>\n<meta property=\"og:type\" content=\"article\" \/>\n<meta property=\"og:title\" content=\"Challenge spielen | WalkMe Challenge\" \/>\n<meta property=\"og:description\" content=\"Willkommen bei der WalkMe Challenge. Was w\u00e4re, wenn zwei Mitarbeitern identische Aufgaben auf identischer Software zugewiesen w\u00fcrden? W\u00fcrden sie gleichzeitig fertig werden? M\u00f6glicherweise... es sei denn, einer h\u00e4tte insgeheim den WalkMe-Vorteil. Verschaffen Sie Ihrem Unternehmen den Vorteil, wenn es um die Nutzung von Technologie geht.\" \/>\n<meta property=\"og:url\" content=\"https:\/\/www.challenge.walkme.com\/de\/play-challenge\/\" \/>\n<meta property=\"og:site_name\" content=\"WalkMe Challenge\" \/>\n<meta property=\"article:modified_time\" content=\"2026-03-16T11:08:09+00:00\" \/>\n<meta property=\"og:image\" content=\"https:\/\/www.challenge.walkme.com\/wp-content\/uploads\/sites\/13\/2026\/03\/home.jpg?w=1024\" \/>\n<meta name=\"twitter:card\" content=\"summary_large_image\" \/>\n<script type=\"application\/ld+json\" class=\"yoast-schema-graph\">{\"@context\":\"https:\/\/schema.org\",\"@graph\":[{\"@type\":\"WebPage\",\"@id\":\"https:\/\/www.challenge.walkme.com\/de\/play-challenge\/\",\"url\":\"https:\/\/www.challenge.walkme.com\/de\/play-challenge\/\",\"name\":\"Challenge spielen | WalkMe Challenge\",\"isPartOf\":{\"@id\":\"https:\/\/www.challenge.walkme.com\/#website\"},\"datePublished\":\"2026-03-10T10:27:44+00:00\",\"dateModified\":\"2026-03-16T11:08:09+00:00\",\"description\":\"Willkommen bei der WalkMe Challenge. Was w\u00e4re, wenn zwei Mitarbeitern identische Aufgaben auf identischer Software zugewiesen w\u00fcrden? W\u00fcrden sie gleichzeitig fertig werden? M\u00f6glicherweise... es sei denn, einer h\u00e4tte insgeheim den WalkMe-Vorteil. Verschaffen Sie Ihrem Unternehmen den Vorteil, wenn es um die Nutzung von Technologie geht.\",\"breadcrumb\":{\"@id\":\"https:\/\/www.challenge.walkme.com\/de\/play-challenge\/#breadcrumb\"},\"inLanguage\":\"de-DE\",\"potentialAction\":[{\"@type\":\"ReadAction\",\"target\":[\"https:\/\/www.challenge.walkme.com\/de\/play-challenge\/\"]}]},{\"@type\":\"BreadcrumbList\",\"@id\":\"https:\/\/www.challenge.walkme.com\/de\/play-challenge\/#breadcrumb\",\"itemListElement\":[{\"@type\":\"ListItem\",\"position\":1,\"name\":\"Home\",\"item\":\"https:\/\/www.challenge.walkme.com\/de\/\"},{\"@type\":\"ListItem\",\"position\":2,\"name\":\"Challenge spielen\"}]},{\"@type\":\"WebSite\",\"@id\":\"https:\/\/www.challenge.walkme.com\/#website\",\"url\":\"https:\/\/www.challenge.walkme.com\/\",\"name\":\"WalkMe Challenge\",\"description\":\"\",\"potentialAction\":[{\"@type\":\"SearchAction\",\"target\":{\"@type\":\"EntryPoint\",\"urlTemplate\":\"https:\/\/www.challenge.walkme.com\/?s={search_term_string}\"},\"query-input\":{\"@type\":\"PropertyValueSpecification\",\"valueRequired\":true,\"valueName\":\"search_term_string\"}}],\"inLanguage\":\"de-DE\"}]}<\/script>\n<!-- \/ Yoast SEO plugin. -->","yoast_head_json":{"title":"Challenge spielen | WalkMe Challenge","description":"Willkommen bei der WalkMe Challenge. Was w\u00e4re, wenn zwei Mitarbeitern identische Aufgaben auf identischer Software zugewiesen w\u00fcrden? W\u00fcrden sie gleichzeitig fertig werden? M\u00f6glicherweise... es sei denn, einer h\u00e4tte insgeheim den WalkMe-Vorteil. Verschaffen Sie Ihrem Unternehmen den Vorteil, wenn es um die Nutzung von Technologie geht.","robots":{"index":"index","follow":"follow","max-snippet":"max-snippet:-1","max-image-preview":"max-image-preview:large","max-video-preview":"max-video-preview:-1"},"canonical":"https:\/\/www.challenge.walkme.com\/de\/play-challenge\/","og_locale":"de_DE","og_type":"article","og_title":"Challenge spielen | WalkMe Challenge","og_description":"Willkommen bei der WalkMe Challenge. Was w\u00e4re, wenn zwei Mitarbeitern identische Aufgaben auf identischer Software zugewiesen w\u00fcrden? W\u00fcrden sie gleichzeitig fertig werden? M\u00f6glicherweise... es sei denn, einer h\u00e4tte insgeheim den WalkMe-Vorteil. Verschaffen Sie Ihrem Unternehmen den Vorteil, wenn es um die Nutzung von Technologie geht.","og_url":"https:\/\/www.challenge.walkme.com\/de\/play-challenge\/","og_site_name":"WalkMe Challenge","article_modified_time":"2026-03-16T11:08:09+00:00","og_image":[{"url":"https:\/\/www.challenge.walkme.com\/wp-content\/uploads\/sites\/13\/2026\/03\/home.jpg?w=1024","type":"","width":"","height":""}],"twitter_card":"summary_large_image","schema":{"@context":"https:\/\/schema.org","@graph":[{"@type":"WebPage","@id":"https:\/\/www.challenge.walkme.com\/de\/play-challenge\/","url":"https:\/\/www.challenge.walkme.com\/de\/play-challenge\/","name":"Challenge spielen | WalkMe Challenge","isPartOf":{"@id":"https:\/\/www.challenge.walkme.com\/#website"},"datePublished":"2026-03-10T10:27:44+00:00","dateModified":"2026-03-16T11:08:09+00:00","description":"Willkommen bei der WalkMe Challenge. Was w\u00e4re, wenn zwei Mitarbeitern identische Aufgaben auf identischer Software zugewiesen w\u00fcrden? W\u00fcrden sie gleichzeitig fertig werden? M\u00f6glicherweise... es sei denn, einer h\u00e4tte insgeheim den WalkMe-Vorteil. Verschaffen Sie Ihrem Unternehmen den Vorteil, wenn es um die Nutzung von Technologie geht.","breadcrumb":{"@id":"https:\/\/www.challenge.walkme.com\/de\/play-challenge\/#breadcrumb"},"inLanguage":"de-DE","potentialAction":[{"@type":"ReadAction","target":["https:\/\/www.challenge.walkme.com\/de\/play-challenge\/"]}]},{"@type":"BreadcrumbList","@id":"https:\/\/www.challenge.walkme.com\/de\/play-challenge\/#breadcrumb","itemListElement":[{"@type":"ListItem","position":1,"name":"Home","item":"https:\/\/www.challenge.walkme.com\/de\/"},{"@type":"ListItem","position":2,"name":"Challenge spielen"}]},{"@type":"WebSite","@id":"https:\/\/www.challenge.walkme.com\/#website","url":"https:\/\/www.challenge.walkme.com\/","name":"WalkMe Challenge","description":"","potentialAction":[{"@type":"SearchAction","target":{"@type":"EntryPoint","urlTemplate":"https:\/\/www.challenge.walkme.com\/?s={search_term_string}"},"query-input":{"@type":"PropertyValueSpecification","valueRequired":true,"valueName":"search_term_string"}}],"inLanguage":"de-DE"}]}},"_links":{"self":[{"href":"https:\/\/www.challenge.walkme.com\/de\/wp-json\/wp\/v2\/pages\/34","targetHints":{"allow":["GET"]}}],"collection":[{"href":"https:\/\/www.challenge.walkme.com\/de\/wp-json\/wp\/v2\/pages"}],"about":[{"href":"https:\/\/www.challenge.walkme.com\/de\/wp-json\/wp\/v2\/types\/page"}],"author":[{"embeddable":true,"href":"https:\/\/www.challenge.walkme.com\/de\/wp-json\/wp\/v2\/users\/135"}],"replies":[{"embeddable":true,"href":"https:\/\/www.challenge.walkme.com\/de\/wp-json\/wp\/v2\/comments?post=34"}],"version-history":[{"count":9,"href":"https:\/\/www.challenge.walkme.com\/de\/wp-json\/wp\/v2\/pages\/34\/revisions"}],"predecessor-version":[{"id":289,"href":"https:\/\/www.challenge.walkme.com\/de\/wp-json\/wp\/v2\/pages\/34\/revisions\/289"}],"wp:attachment":[{"href":"https:\/\/www.challenge.walkme.com\/de\/wp-json\/wp\/v2\/media?parent=34"}],"curies":[{"name":"wp","href":"https:\/\/api.w.org\/{rel}","templated":true}]}}